{"id":669,"date":"2024-07-11T08:50:22","date_gmt":"2024-07-11T08:50:22","guid":{"rendered":"https:\/\/amas17.fr\/toneleria\/recortar-y-taladrar\/"},"modified":"2024-09-25T07:10:37","modified_gmt":"2024-09-25T07:10:37","slug":"recortar-y-taladrar","status":"publish","type":"page","link":"https:\/\/amas17.fr\/es\/toneleria\/recortar-y-taladrar\/","title":{"rendered":"Recortar y taladrar"},"content":{"rendered":"\t\t<div data-elementor-type=\"wp-page\" data-elementor-id=\"669\" class=\"elementor elementor-669 elementor-543\" data-elementor-post-type=\"page\">\n\t\t\t\t<div class=\"elementor-element elementor-element-93cd0b4 e-flex e-con-boxed e-con e-parent\" data-id=\"93cd0b4\" data-element_type=\"container\" data-settings=\"{&quot;background_background&quot;:&quot;classic&quot;,&quot;jet_parallax_layout_list&quot;:[]}\">\n\t\t\t\t\t<div class=\"e-con-inner\">\n\t\t\t\t<div class=\"elementor-element elementor-element-0a6eb3d elementor-widget elementor-widget-heading\" data-id=\"0a6eb3d\" data-element_type=\"widget\" data-widget_type=\"heading.default\">\n\t\t\t\t<div class=\"elementor-widget-container\">\n\t\t\t\t\t<h1 class=\"elementor-heading-title elementor-size-default\">Toneler\u00eda - Recorte y perforaci\u00f3n <\/h1>\t\t\t\t<\/div>\n\t\t\t\t<\/div>\n\t\t\t\t\t<\/div>\n\t\t\t\t<\/div>\n\t\t<div class=\"elementor-element elementor-element-8aece63 e-flex e-con-boxed e-con e-parent\" data-id=\"8aece63\" data-element_type=\"container\" data-settings=\"{&quot;jet_parallax_layout_list&quot;:[]}\">\n\t\t\t\t\t<div class=\"e-con-inner\">\n\t\t\t\t<div class=\"elementor-element elementor-element-2a84e03 elementor-widget elementor-widget-video\" data-id=\"2a84e03\" data-element_type=\"widget\" data-settings=\"{&quot;video_type&quot;:&quot;hosted&quot;,&quot;autoplay&quot;:&quot;yes&quot;,&quot;play_on_mobile&quot;:&quot;yes&quot;,&quot;mute&quot;:&quot;yes&quot;,&quot;loop&quot;:&quot;yes&quot;,&quot;controls&quot;:&quot;yes&quot;}\" data-widget_type=\"video.default\">\n\t\t\t\t<div class=\"elementor-widget-container\">\n\t\t\t\t\t\t\t<div class=\"e-hosted-video elementor-wrapper elementor-open-inline\">\n\t\t\t\t\t<video class=\"elementor-video\" src=\"https:\/\/amas17.fr\/wp-content\/uploads\/2024\/07\/Rogneuse-double-percage-cauterisation.mp4\" autoplay=\"\" loop=\"\" controls=\"\" muted=\"muted\" playsinline=\"\" controlsList=\"nodownload\"><\/video>\n\t\t\t\t<\/div>\n\t\t\t\t\t\t<\/div>\n\t\t\t\t<\/div>\n\t\t\t\t\t<\/div>\n\t\t\t\t<\/div>\n\t\t<div class=\"elementor-element elementor-element-c299da6 e-flex e-con-boxed e-con e-parent\" data-id=\"c299da6\" data-element_type=\"container\" data-settings=\"{&quot;jet_parallax_layout_list&quot;:[]}\">\n\t\t\t\t\t<div class=\"e-con-inner\">\n\t\t\t\t<div class=\"elementor-element elementor-element-9110e09 elementor-widget elementor-widget-heading\" data-id=\"9110e09\" data-element_type=\"widget\" data-widget_type=\"heading.default\">\n\t\t\t\t<div class=\"elementor-widget-container\">\n\t\t\t\t\t<h2 class=\"elementor-heading-title elementor-size-default\">Recortadora manual <\/h2>\t\t\t\t<\/div>\n\t\t\t\t<\/div>\n\t\t<div class=\"elementor-element elementor-element-e293b80 e-con-full e-flex e-con e-child\" data-id=\"e293b80\" data-element_type=\"container\" data-settings=\"{&quot;jet_parallax_layout_list&quot;:[]}\">\n\t\t<div class=\"elementor-element elementor-element-4940bb9 e-con-full e-flex e-con e-child\" data-id=\"4940bb9\" data-element_type=\"container\" data-settings=\"{&quot;jet_parallax_layout_list&quot;:[]}\">\n\t\t\t\t<div class=\"elementor-element elementor-element-1ee7129 elementor-widget elementor-widget-text-editor\" data-id=\"1ee7129\" data-element_type=\"widget\" data-widget_type=\"text-editor.default\">\n\t\t\t\t<div class=\"elementor-widget-container\">\n\t\t\t\t\t\t\t\t\t<p>Recortadora doble manual<\/p>\n<p>Bid\u00f3n est\u00e1ndar de 500 litros (puede modificarse bajo pedido)<\/p>\n<ul>\n<li>Chasis mecanosoldado y mecanizado,<\/li>\n<li>guiado por ra\u00edles y carro con rodamiento de bolas,<\/li>\n<li>sujeci\u00f3n del ca\u00f1\u00f3n hidr\u00e1ulico,<\/li>\n<li>rotaci\u00f3n del tambor mediante motorreductor,<\/li>\n<li>Motor husillo con freno de 5,5 Kw,<\/li>\n<li>Velocidad de rotaci\u00f3n del tambor ajustable,<\/li>\n<li>herramientas movidas por volante,<\/li>\n<li>Coronas de aluminio.<\/li>\n<\/ul>\n<p>Opciones:<\/p>\n<ul>\n<li>Sistema de elevaci\u00f3n del barril para introducirlo en la recortadora,<\/li>\n<li>a la altura del ca\u00f1\u00f3n,<\/li>\n<li>eyector.<\/li>\n<\/ul>\t\t\t\t\t\t\t\t<\/div>\n\t\t\t\t<\/div>\n\t\t\t\t<\/div>\n\t\t<div class=\"elementor-element elementor-element-4b8f655 e-con-full e-flex e-con e-child\" data-id=\"4b8f655\" data-element_type=\"container\" data-settings=\"{&quot;jet_parallax_layout_list&quot;:[]}\">\n\t\t\t\t<div class=\"elementor-element elementor-element-8db30bb elementor-widget elementor-widget-image\" data-id=\"8db30bb\" data-element_type=\"widget\" data-widget_type=\"image.default\">\n\t\t\t\t<div class=\"elementor-widget-container\">\n\t\t\t\t\t\t\t\t\t\t\t\t\t\t\t<img fetchpriority=\"high\" decoding=\"async\" width=\"1400\" height=\"933\" src=\"https:\/\/amas17.fr\/wp-content\/uploads\/2024\/07\/DSC04172.png\" class=\"attachment-full size-full wp-image-548\" alt=\"\" srcset=\"https:\/\/amas17.fr\/wp-content\/uploads\/2024\/07\/DSC04172.png 1400w, https:\/\/amas17.fr\/wp-content\/uploads\/2024\/07\/DSC04172-300x200.png 300w, https:\/\/amas17.fr\/wp-content\/uploads\/2024\/07\/DSC04172-1024x682.png 1024w, https:\/\/amas17.fr\/wp-content\/uploads\/2024\/07\/DSC04172-768x512.png 768w\" sizes=\"(max-width: 1400px) 100vw, 1400px\" \/>\t\t\t\t\t\t\t\t\t\t\t\t\t\t\t<\/div>\n\t\t\t\t<\/div>\n\t\t\t\t<\/div>\n\t\t\t\t<\/div>\n\t\t\t\t\t<\/div>\n\t\t\t\t<\/div>\n\t\t<div class=\"elementor-element elementor-element-8170bda e-flex e-con-boxed e-con e-parent\" data-id=\"8170bda\" data-element_type=\"container\" data-settings=\"{&quot;jet_parallax_layout_list&quot;:[]}\">\n\t\t\t\t\t<div class=\"e-con-inner\">\n\t\t\t\t<div class=\"elementor-element elementor-element-5afb619 elementor-widget elementor-widget-heading\" data-id=\"5afb619\" data-element_type=\"widget\" data-widget_type=\"heading.default\">\n\t\t\t\t<div class=\"elementor-widget-container\">\n\t\t\t\t\t<h2 class=\"elementor-heading-title elementor-size-default\">Recortadora autom\u00e1tica<\/h2>\t\t\t\t<\/div>\n\t\t\t\t<\/div>\n\t\t<div class=\"elementor-element elementor-element-035565b e-con-full e-flex e-con e-child\" data-id=\"035565b\" data-element_type=\"container\" data-settings=\"{&quot;jet_parallax_layout_list&quot;:[]}\">\n\t\t<div class=\"elementor-element elementor-element-c43da1a e-con-full e-flex e-con e-child\" data-id=\"c43da1a\" data-element_type=\"container\" data-settings=\"{&quot;jet_parallax_layout_list&quot;:[]}\">\n\t\t\t\t<div class=\"elementor-element elementor-element-54731af elementor-widget elementor-widget-image\" data-id=\"54731af\" data-element_type=\"widget\" data-widget_type=\"image.default\">\n\t\t\t\t<div class=\"elementor-widget-container\">\n\t\t\t\t\t\t\t\t\t\t\t\t\t\t\t<img decoding=\"async\" width=\"1024\" height=\"646\" src=\"https:\/\/amas17.fr\/wp-content\/uploads\/2024\/07\/Rogneuse-automatique-1024x646-1.png\" class=\"attachment-full size-full wp-image-551\" alt=\"\" srcset=\"https:\/\/amas17.fr\/wp-content\/uploads\/2024\/07\/Rogneuse-automatique-1024x646-1.png 1024w, https:\/\/amas17.fr\/wp-content\/uploads\/2024\/07\/Rogneuse-automatique-1024x646-1-300x189.png 300w, https:\/\/amas17.fr\/wp-content\/uploads\/2024\/07\/Rogneuse-automatique-1024x646-1-768x485.png 768w\" sizes=\"(max-width: 1024px) 100vw, 1024px\" \/>\t\t\t\t\t\t\t\t\t\t\t\t\t\t\t<\/div>\n\t\t\t\t<\/div>\n\t\t\t\t<\/div>\n\t\t<div class=\"elementor-element elementor-element-fda42f4 e-con-full e-flex e-con e-child\" data-id=\"fda42f4\" data-element_type=\"container\" data-settings=\"{&quot;jet_parallax_layout_list&quot;:[]}\">\n\t\t\t\t<div class=\"elementor-element elementor-element-ee64cc2 elementor-widget elementor-widget-text-editor\" data-id=\"ee64cc2\" data-element_type=\"widget\" data-widget_type=\"text-editor.default\">\n\t\t\t\t<div class=\"elementor-widget-container\">\n\t\t\t\t\t\t\t\t\t<p>Recortadora doble autom\u00e1tica<\/p>\n<p>Bid\u00f3n est\u00e1ndar de 600 litros (puede modificarse bajo pedido)<\/p>\n<ul>\n<li>recortadora en la cabina,<\/li>\n<li>bastidor soldado mecanizado,<\/li>\n<li>guiado de todos los movimientos sobre ra\u00edles y carros de bolas,<\/li>\n<li>Sujeci\u00f3n mediante motorreductor sin escobillas (control de par de velocidad variable),<\/li>\n<li>Movimiento de la herramienta motorizado sin escobillas,<\/li>\n<li>Medici\u00f3n de la longitud del ca\u00f1\u00f3n mediante una sonda digital,<\/li>\n<li>control de la longitud del ca\u00f1\u00f3n,<\/li>\n<li>mecanizado optimizado,<\/li>\n<li>Rotaci\u00f3n del tambor sobre engranajes con rodamientos de bolas y motor sin escobillas,<\/li>\n<li>velocidad variable,<\/li>\n<li>sistema de extracci\u00f3n del eje de la corona.<\/li>\n<\/ul>\n<p>Opci\u00f3n:<\/p>\n<ul>\n<li>Sistema de elevaci\u00f3n del barril para introducirlo en la recortadora,<\/li>\n<li>a la altura del ca\u00f1\u00f3n,<\/li>\n<li>eyector,<\/li>\n<li>perforaci\u00f3n y cauterizaci\u00f3n.<\/li>\n<\/ul>\n<p><strong>Para m\u00e1s informaci\u00f3n, ponte en contacto con Amas.<\/strong><\/p>\t\t\t\t\t\t\t\t<\/div>\n\t\t\t\t<\/div>\n\t\t\t\t<\/div>\n\t\t\t\t<\/div>\n\t\t\t\t\t<\/div>\n\t\t\t\t<\/div>\n\t\t<div class=\"elementor-element elementor-element-0408383 e-flex e-con-boxed e-con e-parent\" data-id=\"0408383\" data-element_type=\"container\" data-settings=\"{&quot;jet_parallax_layout_list&quot;:[]}\">\n\t\t\t\t\t<div class=\"e-con-inner\">\n\t\t\t\t<div class=\"elementor-element elementor-element-16a3510 elementor-widget elementor-widget-heading\" data-id=\"16a3510\" data-element_type=\"widget\" data-widget_type=\"heading.default\">\n\t\t\t\t<div class=\"elementor-widget-container\">\n\t\t\t\t\t<h2 class=\"elementor-heading-title elementor-size-default\">Recortadora para taladrar y quemar agujeros de tap\u00f3n  <\/h2>\t\t\t\t<\/div>\n\t\t\t\t<\/div>\n\t\t<div class=\"elementor-element elementor-element-1d75c61 e-con-full e-flex e-con e-child\" data-id=\"1d75c61\" data-element_type=\"container\" data-settings=\"{&quot;jet_parallax_layout_list&quot;:[]}\">\n\t\t<div class=\"elementor-element elementor-element-2fa656e e-con-full e-flex e-con e-child\" data-id=\"2fa656e\" data-element_type=\"container\" data-settings=\"{&quot;jet_parallax_layout_list&quot;:[]}\">\n\t\t\t\t<div class=\"elementor-element elementor-element-04528f3 elementor-widget elementor-widget-text-editor\" data-id=\"04528f3\" data-element_type=\"widget\" data-widget_type=\"text-editor.default\">\n\t\t\t\t<div class=\"elementor-widget-container\">\n\t\t\t\t\t\t\t\t\t<p>Recortadora doble autom\u00e1tica con perforaci\u00f3n cauterizada<\/p>\n<p>Caracter\u00edsticas id\u00e9nticas a la recortadora autom\u00e1tica de 600 litros:<\/p>\n<ul>\n<li>m\u00e1quina en la cabina,<\/li>\n<li>cabina insonorizada.<\/li>\n<\/ul>\n<p>Sistema de perforaci\u00f3n cauterizado.<\/p>\n<p>Mueve la medida:<\/p>\n<ul>\n<li>La medici\u00f3n del di\u00e1metro se desplaza con cada barril en el ciclo de recorte,<\/li>\n<li>medici\u00f3n digital por cilindro codificador.<\/li>\n<\/ul>\n<p>Perforaci\u00f3n:<\/p>\n<ul>\n<li>Detecci\u00f3n de la posici\u00f3n del taladro durante el ciclo de recorte,<\/li>\n<li>Taladro del tap\u00f3n seg\u00fan el ajuste y la forma de la broca,<\/li>\n<li>Velocidad de rotaci\u00f3n de la broca ajustable,<\/li>\n<li>Velocidad de perforaci\u00f3n regulable,<\/li>\n<li>di\u00e1metro de perforaci\u00f3n ajustable.<\/li>\n<\/ul>\n<p>Cauterizaci\u00f3n:<\/p>\n<ul>\n<li>Cono calefactor de acero inoxidable,<\/li>\n<li>un cono por esquina,<\/li>\n<li>ajustar la temperatura de calentamiento,<\/li>\n<li>ajustar el di\u00e1metro de cauterizaci\u00f3n,<\/li>\n<li>Rotaci\u00f3n del cono de 30\u00b0.<\/li>\n<\/ul>\n<p>Opci\u00f3n:<\/p>\n<ul>\n<li>Cambio de broca sin herramientas mediante un sistema de sujeci\u00f3n neum\u00e1tico,<\/li>\n<li>Cambio r\u00e1pido del cono mediante sujeci\u00f3n neum\u00e1tica,<\/li>\n<li>comprobaci\u00f3n de la consistencia del utillaje (broca, cono, coronas y herramientas) .<\/li>\n<\/ul>\n<p><strong>Para m\u00e1s informaci\u00f3n, ponte en contacto con Amas.<\/strong><\/p>\t\t\t\t\t\t\t\t<\/div>\n\t\t\t\t<\/div>\n\t\t\t\t<\/div>\n\t\t\t\t<\/div>\n\t\t\t\t\t<\/div>\n\t\t\t\t<\/div>\n\t\t\t\t<\/div>\n\t\t","protected":false},"excerpt":{"rendered":"<p>Toneler\u00eda &#8211; Recorte y perforaci\u00f3n https:\/\/amas17.fr\/wp-content\/uploads\/2024\/07\/Rogneuse-double-percage-cauterisation.mp4 Recortadora manual Recortadora doble manual Bid\u00f3n est\u00e1ndar de 500 litros (puede modificarse bajo pedido) Chasis mecanosoldado y mecanizado, guiado por ra\u00edles y carro con rodamiento de bolas, sujeci\u00f3n del ca\u00f1\u00f3n hidr\u00e1ulico, rotaci\u00f3n del tambor mediante motorreductor, Motor husillo con freno de 5,5 Kw, Velocidad de rotaci\u00f3n del tambor ajustable, [&hellip;]<\/p>\n","protected":false},"author":1,"featured_media":551,"parent":653,"menu_order":0,"comment_status":"closed","ping_status":"closed","template":"","meta":{"footnotes":""},"class_list":["post-669","page","type-page","status-publish","has-post-thumbnail","hentry"],"yoast_head":"<!-- This site is optimized with the Yoast SEO plugin v25.6 - https:\/\/yoast.com\/wordpress\/plugins\/seo\/ -->\n<title>AMAS 17 - Toneler\u00eda - Recorte y perforaci\u00f3n<\/title>\n<meta name=\"description\" content=\"Producimos m\u00e1quinas espec\u00edficas para el fresado y taladrado de toneler\u00eda: fresadoras manuales y autom\u00e1ticas\u2026\" \/>\n<meta name=\"robots\" content=\"index, follow, max-snippet:-1, max-image-preview:large, max-video-preview:-1\" \/>\n<link rel=\"canonical\" href=\"https:\/\/amas17.fr\/es\/toneleria\/recortar-y-taladrar\/\" \/>\n<meta property=\"og:locale\" content=\"es_ES\" \/>\n<meta property=\"og:type\" content=\"article\" \/>\n<meta property=\"og:title\" content=\"AMAS 17 - Toneler\u00eda - Recorte y perforaci\u00f3n\" \/>\n<meta property=\"og:description\" content=\"Producimos m\u00e1quinas espec\u00edficas para el fresado y taladrado de toneler\u00eda: fresadoras manuales y autom\u00e1ticas\u2026\" \/>\n<meta property=\"og:url\" content=\"https:\/\/amas17.fr\/es\/toneleria\/recortar-y-taladrar\/\" \/>\n<meta property=\"og:site_name\" content=\"AMAS 17\" \/>\n<meta property=\"article:modified_time\" content=\"2024-09-25T07:10:37+00:00\" \/>\n<meta property=\"og:image\" content=\"https:\/\/amas17.fr\/wp-content\/uploads\/2024\/07\/Rogneuse-automatique-1024x646-1.png\" \/>\n\t<meta property=\"og:image:width\" content=\"1024\" \/>\n\t<meta property=\"og:image:height\" content=\"646\" \/>\n\t<meta property=\"og:image:type\" content=\"image\/png\" \/>\n<meta name=\"twitter:card\" content=\"summary_large_image\" \/>\n<meta name=\"twitter:label1\" content=\"Tiempo de lectura\" \/>\n\t<meta name=\"twitter:data1\" content=\"2 minutos\" \/>\n<script type=\"application\/ld+json\" class=\"yoast-schema-graph\">{\"@context\":\"https:\/\/schema.org\",\"@graph\":[{\"@type\":\"WebPage\",\"@id\":\"https:\/\/amas17.fr\/es\/toneleria\/recortar-y-taladrar\/\",\"url\":\"https:\/\/amas17.fr\/es\/toneleria\/recortar-y-taladrar\/\",\"name\":\"AMAS 17 - Toneler\u00eda - Recorte y perforaci\u00f3n\",\"isPartOf\":{\"@id\":\"https:\/\/amas17.fr\/es\/#website\"},\"primaryImageOfPage\":{\"@id\":\"https:\/\/amas17.fr\/es\/toneleria\/recortar-y-taladrar\/#primaryimage\"},\"image\":{\"@id\":\"https:\/\/amas17.fr\/es\/toneleria\/recortar-y-taladrar\/#primaryimage\"},\"thumbnailUrl\":\"https:\/\/amas17.fr\/wp-content\/uploads\/2024\/07\/Rogneuse-automatique-1024x646-1.png\",\"datePublished\":\"2024-07-11T08:50:22+00:00\",\"dateModified\":\"2024-09-25T07:10:37+00:00\",\"description\":\"Producimos m\u00e1quinas espec\u00edficas para el fresado y taladrado de toneler\u00eda: fresadoras manuales y autom\u00e1ticas\u2026\",\"breadcrumb\":{\"@id\":\"https:\/\/amas17.fr\/es\/toneleria\/recortar-y-taladrar\/#breadcrumb\"},\"inLanguage\":\"es\",\"potentialAction\":[{\"@type\":\"ReadAction\",\"target\":[\"https:\/\/amas17.fr\/es\/toneleria\/recortar-y-taladrar\/\"]}]},{\"@type\":\"ImageObject\",\"inLanguage\":\"es\",\"@id\":\"https:\/\/amas17.fr\/es\/toneleria\/recortar-y-taladrar\/#primaryimage\",\"url\":\"https:\/\/amas17.fr\/wp-content\/uploads\/2024\/07\/Rogneuse-automatique-1024x646-1.png\",\"contentUrl\":\"https:\/\/amas17.fr\/wp-content\/uploads\/2024\/07\/Rogneuse-automatique-1024x646-1.png\",\"width\":1024,\"height\":646},{\"@type\":\"BreadcrumbList\",\"@id\":\"https:\/\/amas17.fr\/es\/toneleria\/recortar-y-taladrar\/#breadcrumb\",\"itemListElement\":[{\"@type\":\"ListItem\",\"position\":1,\"name\":\"Accueil\",\"item\":\"https:\/\/amas17.fr\/es\/\"},{\"@type\":\"ListItem\",\"position\":2,\"name\":\"Toneler\u00eda\",\"item\":\"https:\/\/amas17.fr\/es\/toneleria\/\"},{\"@type\":\"ListItem\",\"position\":3,\"name\":\"Recortar y taladrar\"}]},{\"@type\":\"WebSite\",\"@id\":\"https:\/\/amas17.fr\/es\/#website\",\"url\":\"https:\/\/amas17.fr\/es\/\",\"name\":\"AMAS 17\",\"description\":\"Le sur mesure industriel\",\"publisher\":{\"@id\":\"https:\/\/amas17.fr\/es\/#organization\"},\"potentialAction\":[{\"@type\":\"SearchAction\",\"target\":{\"@type\":\"EntryPoint\",\"urlTemplate\":\"https:\/\/amas17.fr\/es\/?s={search_term_string}\"},\"query-input\":{\"@type\":\"PropertyValueSpecification\",\"valueRequired\":true,\"valueName\":\"search_term_string\"}}],\"inLanguage\":\"es\"},{\"@type\":\"Organization\",\"@id\":\"https:\/\/amas17.fr\/es\/#organization\",\"name\":\"AMAS 17\",\"url\":\"https:\/\/amas17.fr\/es\/\",\"logo\":{\"@type\":\"ImageObject\",\"inLanguage\":\"es\",\"@id\":\"https:\/\/amas17.fr\/es\/#\/schema\/logo\/image\/\",\"url\":\"https:\/\/amas17.fr\/wp-content\/uploads\/2024\/07\/logo_amas.png\",\"contentUrl\":\"https:\/\/amas17.fr\/wp-content\/uploads\/2024\/07\/logo_amas.png\",\"width\":230,\"height\":158,\"caption\":\"AMAS 17\"},\"image\":{\"@id\":\"https:\/\/amas17.fr\/es\/#\/schema\/logo\/image\/\"},\"sameAs\":[\"https:\/\/www.linkedin.com\/company\/amas17\/\"]}]}<\/script>\n<!-- \/ Yoast SEO plugin. -->","yoast_head_json":{"title":"AMAS 17 - Toneler\u00eda - Recorte y perforaci\u00f3n","description":"Producimos m\u00e1quinas espec\u00edficas para el fresado y taladrado de toneler\u00eda: fresadoras manuales y autom\u00e1ticas\u2026","robots":{"index":"index","follow":"follow","max-snippet":"max-snippet:-1","max-image-preview":"max-image-preview:large","max-video-preview":"max-video-preview:-1"},"canonical":"https:\/\/amas17.fr\/es\/toneleria\/recortar-y-taladrar\/","og_locale":"es_ES","og_type":"article","og_title":"AMAS 17 - Toneler\u00eda - Recorte y perforaci\u00f3n","og_description":"Producimos m\u00e1quinas espec\u00edficas para el fresado y taladrado de toneler\u00eda: fresadoras manuales y autom\u00e1ticas\u2026","og_url":"https:\/\/amas17.fr\/es\/toneleria\/recortar-y-taladrar\/","og_site_name":"AMAS 17","article_modified_time":"2024-09-25T07:10:37+00:00","og_image":[{"width":1024,"height":646,"url":"https:\/\/amas17.fr\/wp-content\/uploads\/2024\/07\/Rogneuse-automatique-1024x646-1.png","type":"image\/png"}],"twitter_card":"summary_large_image","twitter_misc":{"Tiempo de lectura":"2 minutos"},"schema":{"@context":"https:\/\/schema.org","@graph":[{"@type":"WebPage","@id":"https:\/\/amas17.fr\/es\/toneleria\/recortar-y-taladrar\/","url":"https:\/\/amas17.fr\/es\/toneleria\/recortar-y-taladrar\/","name":"AMAS 17 - Toneler\u00eda - Recorte y perforaci\u00f3n","isPartOf":{"@id":"https:\/\/amas17.fr\/es\/#website"},"primaryImageOfPage":{"@id":"https:\/\/amas17.fr\/es\/toneleria\/recortar-y-taladrar\/#primaryimage"},"image":{"@id":"https:\/\/amas17.fr\/es\/toneleria\/recortar-y-taladrar\/#primaryimage"},"thumbnailUrl":"https:\/\/amas17.fr\/wp-content\/uploads\/2024\/07\/Rogneuse-automatique-1024x646-1.png","datePublished":"2024-07-11T08:50:22+00:00","dateModified":"2024-09-25T07:10:37+00:00","description":"Producimos m\u00e1quinas espec\u00edficas para el fresado y taladrado de toneler\u00eda: fresadoras manuales y autom\u00e1ticas\u2026","breadcrumb":{"@id":"https:\/\/amas17.fr\/es\/toneleria\/recortar-y-taladrar\/#breadcrumb"},"inLanguage":"es","potentialAction":[{"@type":"ReadAction","target":["https:\/\/amas17.fr\/es\/toneleria\/recortar-y-taladrar\/"]}]},{"@type":"ImageObject","inLanguage":"es","@id":"https:\/\/amas17.fr\/es\/toneleria\/recortar-y-taladrar\/#primaryimage","url":"https:\/\/amas17.fr\/wp-content\/uploads\/2024\/07\/Rogneuse-automatique-1024x646-1.png","contentUrl":"https:\/\/amas17.fr\/wp-content\/uploads\/2024\/07\/Rogneuse-automatique-1024x646-1.png","width":1024,"height":646},{"@type":"BreadcrumbList","@id":"https:\/\/amas17.fr\/es\/toneleria\/recortar-y-taladrar\/#breadcrumb","itemListElement":[{"@type":"ListItem","position":1,"name":"Accueil","item":"https:\/\/amas17.fr\/es\/"},{"@type":"ListItem","position":2,"name":"Toneler\u00eda","item":"https:\/\/amas17.fr\/es\/toneleria\/"},{"@type":"ListItem","position":3,"name":"Recortar y taladrar"}]},{"@type":"WebSite","@id":"https:\/\/amas17.fr\/es\/#website","url":"https:\/\/amas17.fr\/es\/","name":"AMAS 17","description":"Le sur mesure industriel","publisher":{"@id":"https:\/\/amas17.fr\/es\/#organization"},"potentialAction":[{"@type":"SearchAction","target":{"@type":"EntryPoint","urlTemplate":"https:\/\/amas17.fr\/es\/?s={search_term_string}"},"query-input":{"@type":"PropertyValueSpecification","valueRequired":true,"valueName":"search_term_string"}}],"inLanguage":"es"},{"@type":"Organization","@id":"https:\/\/amas17.fr\/es\/#organization","name":"AMAS 17","url":"https:\/\/amas17.fr\/es\/","logo":{"@type":"ImageObject","inLanguage":"es","@id":"https:\/\/amas17.fr\/es\/#\/schema\/logo\/image\/","url":"https:\/\/amas17.fr\/wp-content\/uploads\/2024\/07\/logo_amas.png","contentUrl":"https:\/\/amas17.fr\/wp-content\/uploads\/2024\/07\/logo_amas.png","width":230,"height":158,"caption":"AMAS 17"},"image":{"@id":"https:\/\/amas17.fr\/es\/#\/schema\/logo\/image\/"},"sameAs":["https:\/\/www.linkedin.com\/company\/amas17\/"]}]}},"_links":{"self":[{"href":"https:\/\/amas17.fr\/es\/wp-json\/wp\/v2\/pages\/669","targetHints":{"allow":["GET"]}}],"collection":[{"href":"https:\/\/amas17.fr\/es\/wp-json\/wp\/v2\/pages"}],"about":[{"href":"https:\/\/amas17.fr\/es\/wp-json\/wp\/v2\/types\/page"}],"author":[{"embeddable":true,"href":"https:\/\/amas17.fr\/es\/wp-json\/wp\/v2\/users\/1"}],"replies":[{"embeddable":true,"href":"https:\/\/amas17.fr\/es\/wp-json\/wp\/v2\/comments?post=669"}],"version-history":[{"count":2,"href":"https:\/\/amas17.fr\/es\/wp-json\/wp\/v2\/pages\/669\/revisions"}],"predecessor-version":[{"id":1037,"href":"https:\/\/amas17.fr\/es\/wp-json\/wp\/v2\/pages\/669\/revisions\/1037"}],"up":[{"embeddable":true,"href":"https:\/\/amas17.fr\/es\/wp-json\/wp\/v2\/pages\/653"}],"wp:featuredmedia":[{"embeddable":true,"href":"https:\/\/amas17.fr\/es\/wp-json\/wp\/v2\/media\/551"}],"wp:attachment":[{"href":"https:\/\/amas17.fr\/es\/wp-json\/wp\/v2\/media?parent=669"}],"curies":[{"name":"wp","href":"https:\/\/api.w.org\/{rel}","templated":true}]}}