{"id":671,"date":"2024-07-10T12:57:23","date_gmt":"2024-07-10T12:57:23","guid":{"rendered":"https:\/\/amas17.fr\/toneleria\/mecanizado-de-duelas\/"},"modified":"2024-09-25T07:11:43","modified_gmt":"2024-09-25T07:11:43","slug":"mecanizado-de-duelas","status":"publish","type":"page","link":"https:\/\/amas17.fr\/es\/toneleria\/mecanizado-de-duelas\/","title":{"rendered":"Mecanizado de duelas"},"content":{"rendered":"\t\t<div data-elementor-type=\"wp-page\" data-elementor-id=\"671\" class=\"elementor elementor-671 elementor-460\" data-elementor-post-type=\"page\">\n\t\t\t\t<div class=\"elementor-element elementor-element-93cd0b4 e-flex e-con-boxed e-con e-parent\" data-id=\"93cd0b4\" data-element_type=\"container\" data-settings=\"{&quot;background_background&quot;:&quot;classic&quot;,&quot;jet_parallax_layout_list&quot;:[]}\">\n\t\t\t\t\t<div class=\"e-con-inner\">\n\t\t\t\t<div class=\"elementor-element elementor-element-0a6eb3d elementor-widget elementor-widget-heading\" data-id=\"0a6eb3d\" data-element_type=\"widget\" data-widget_type=\"heading.default\">\n\t\t\t\t<div class=\"elementor-widget-container\">\n\t\t\t\t\t<h1 class=\"elementor-heading-title elementor-size-default\">Toneler\u00eda - Mecanizado de duelas <\/h1>\t\t\t\t<\/div>\n\t\t\t\t<\/div>\n\t\t\t\t\t<\/div>\n\t\t\t\t<\/div>\n\t\t<div class=\"elementor-element elementor-element-8aece63 e-flex e-con-boxed e-con e-parent\" data-id=\"8aece63\" data-element_type=\"container\" data-settings=\"{&quot;jet_parallax_layout_list&quot;:[]}\">\n\t\t\t\t\t<div class=\"e-con-inner\">\n\t\t\t\t<div class=\"elementor-element elementor-element-2a84e03 elementor-widget elementor-widget-video\" data-id=\"2a84e03\" data-element_type=\"widget\" data-settings=\"{&quot;video_type&quot;:&quot;hosted&quot;,&quot;autoplay&quot;:&quot;yes&quot;,&quot;play_on_mobile&quot;:&quot;yes&quot;,&quot;mute&quot;:&quot;yes&quot;,&quot;loop&quot;:&quot;yes&quot;,&quot;controls&quot;:&quot;yes&quot;}\" data-widget_type=\"video.default\">\n\t\t\t\t<div class=\"elementor-widget-container\">\n\t\t\t\t\t\t\t<div class=\"e-hosted-video elementor-wrapper elementor-open-inline\">\n\t\t\t\t\t<video class=\"elementor-video\" src=\"https:\/\/amas17.fr\/wp-content\/uploads\/2024\/07\/Jointage-ligne-Robotise-AMAS.mp4\" autoplay=\"\" loop=\"\" controls=\"\" muted=\"muted\" playsinline=\"\" controlsList=\"nodownload\"><\/video>\n\t\t\t\t<\/div>\n\t\t\t\t\t\t<\/div>\n\t\t\t\t<\/div>\n\t\t\t\t\t<\/div>\n\t\t\t\t<\/div>\n\t\t<div class=\"elementor-element elementor-element-c299da6 e-flex e-con-boxed e-con e-parent\" data-id=\"c299da6\" data-element_type=\"container\" data-settings=\"{&quot;jet_parallax_layout_list&quot;:[]}\">\n\t\t\t\t\t<div class=\"e-con-inner\">\n\t\t\t\t<div class=\"elementor-element elementor-element-9110e09 elementor-widget elementor-widget-heading\" data-id=\"9110e09\" data-element_type=\"widget\" data-widget_type=\"heading.default\">\n\t\t\t\t<div class=\"elementor-widget-container\">\n\t\t\t\t\t<h2 class=\"elementor-heading-title elementor-size-default\">Acortador<\/h2>\t\t\t\t<\/div>\n\t\t\t\t<\/div>\n\t\t<div class=\"elementor-element elementor-element-e293b80 e-con-full e-flex e-con e-child\" data-id=\"e293b80\" data-element_type=\"container\" data-settings=\"{&quot;jet_parallax_layout_list&quot;:[]}\">\n\t\t<div class=\"elementor-element elementor-element-4940bb9 e-con-full e-flex e-con e-child\" data-id=\"4940bb9\" data-element_type=\"container\" data-settings=\"{&quot;jet_parallax_layout_list&quot;:[]}\">\n\t\t\t\t<div class=\"elementor-element elementor-element-1ee7129 elementor-widget elementor-widget-text-editor\" data-id=\"1ee7129\" data-element_type=\"widget\" data-widget_type=\"text-editor.default\">\n\t\t\t\t<div class=\"elementor-widget-container\">\n\t\t\t\t\t\t\t\t\t<p><strong>Capacidades:  <\/strong><\/p>\n<ul>\n<li>longitud m\u00e1x. 1200 mm,<\/li>\n<li>Longitud m\u00ednima 500 mm,<\/li>\n<li>grosor m\u00e1x. 40 mm,<\/li>\n<li>piezas por hora 870,<\/li>\n<li>una sierra fija,<\/li>\n<li>una sierra m\u00f3vil,<\/li>\n<li>una cadena de transmisi\u00f3n fija,<\/li>\n<li>una cadena de transmisi\u00f3n en movimiento,<\/li>\n<li>di\u00e1metro de la sierra 350 mm,<\/li>\n<li>Potencia del motor de la sierra de 2,2 KW,<\/li>\n<li>Potencia del motor de cadena 0,37 KW,<\/li>\n<li>salida para aspiraci\u00f3n di\u00e1metro 100 Nb 2,<\/li>\n<li>rejillas protectoras en los bordes,<\/li>\n<li>potencia instalada 5 kw,<\/li>\n<li>peso 480 kg,<\/li>\n<li>Dimensiones: 2,45 mx2,20 mx1,75 m sin incluir la cinta transportadora.<\/li>\n<\/ul>\n\t\t\t\t\t\t\t\t<\/div>\n\t\t\t\t<\/div>\n\t\t\t\t<\/div>\n\t\t<div class=\"elementor-element elementor-element-4b8f655 e-con-full e-flex e-con e-child\" data-id=\"4b8f655\" data-element_type=\"container\" data-settings=\"{&quot;jet_parallax_layout_list&quot;:[]}\">\n\t\t\t\t<div class=\"elementor-element elementor-element-8db30bb elementor-widget elementor-widget-image\" data-id=\"8db30bb\" data-element_type=\"widget\" data-widget_type=\"image.default\">\n\t\t\t\t<div class=\"elementor-widget-container\">\n\t\t\t\t\t\t\t\t\t\t\t\t\t\t\t<img fetchpriority=\"high\" decoding=\"async\" width=\"1400\" height=\"1050\" src=\"https:\/\/amas17.fr\/wp-content\/uploads\/2024\/07\/ECOURTEUSE-DOUBLE.png\" class=\"attachment-full size-full wp-image-465\" alt=\"\" srcset=\"https:\/\/amas17.fr\/wp-content\/uploads\/2024\/07\/ECOURTEUSE-DOUBLE.png 1400w, https:\/\/amas17.fr\/wp-content\/uploads\/2024\/07\/ECOURTEUSE-DOUBLE-300x225.png 300w, https:\/\/amas17.fr\/wp-content\/uploads\/2024\/07\/ECOURTEUSE-DOUBLE-1024x768.png 1024w, https:\/\/amas17.fr\/wp-content\/uploads\/2024\/07\/ECOURTEUSE-DOUBLE-768x576.png 768w\" sizes=\"(max-width: 1400px) 100vw, 1400px\" \/>\t\t\t\t\t\t\t\t\t\t\t\t\t\t\t<\/div>\n\t\t\t\t<\/div>\n\t\t\t\t<\/div>\n\t\t\t\t<\/div>\n\t\t\t\t\t<\/div>\n\t\t\t\t<\/div>\n\t\t<div class=\"elementor-element elementor-element-8170bda e-flex e-con-boxed e-con e-parent\" data-id=\"8170bda\" data-element_type=\"container\" data-settings=\"{&quot;jet_parallax_layout_list&quot;:[]}\">\n\t\t\t\t\t<div class=\"e-con-inner\">\n\t\t\t\t<div class=\"elementor-element elementor-element-5afb619 elementor-widget elementor-widget-heading\" data-id=\"5afb619\" data-element_type=\"widget\" data-widget_type=\"heading.default\">\n\t\t\t\t<div class=\"elementor-widget-container\">\n\t\t\t\t\t<h2 class=\"elementor-heading-title elementor-size-default\">Doleuse<\/h2>\t\t\t\t<\/div>\n\t\t\t\t<\/div>\n\t\t<div class=\"elementor-element elementor-element-035565b e-con-full e-flex e-con e-child\" data-id=\"035565b\" data-element_type=\"container\" data-settings=\"{&quot;jet_parallax_layout_list&quot;:[]}\">\n\t\t<div class=\"elementor-element elementor-element-c43da1a e-con-full e-flex e-con e-child\" data-id=\"c43da1a\" data-element_type=\"container\" data-settings=\"{&quot;jet_parallax_layout_list&quot;:[]}\">\n\t\t\t\t<div class=\"elementor-element elementor-element-54731af elementor-widget elementor-widget-image\" data-id=\"54731af\" data-element_type=\"widget\" data-widget_type=\"image.default\">\n\t\t\t\t<div class=\"elementor-widget-container\">\n\t\t\t\t\t\t\t\t\t\t\t\t\t\t\t<img decoding=\"async\" width=\"502\" height=\"649\" src=\"https:\/\/amas17.fr\/wp-content\/uploads\/2024\/07\/DOLEUSE-AMAS-724x1024-2.png\" class=\"attachment-full size-full wp-image-470\" alt=\"\" srcset=\"https:\/\/amas17.fr\/wp-content\/uploads\/2024\/07\/DOLEUSE-AMAS-724x1024-2.png 502w, https:\/\/amas17.fr\/wp-content\/uploads\/2024\/07\/DOLEUSE-AMAS-724x1024-2-232x300.png 232w\" sizes=\"(max-width: 502px) 100vw, 502px\" \/>\t\t\t\t\t\t\t\t\t\t\t\t\t\t\t<\/div>\n\t\t\t\t<\/div>\n\t\t\t\t<\/div>\n\t\t<div class=\"elementor-element elementor-element-fda42f4 e-con-full e-flex e-con e-child\" data-id=\"fda42f4\" data-element_type=\"container\" data-settings=\"{&quot;jet_parallax_layout_list&quot;:[]}\">\n\t\t\t\t<div class=\"elementor-element elementor-element-ee64cc2 elementor-widget elementor-widget-text-editor\" data-id=\"ee64cc2\" data-element_type=\"widget\" data-widget_type=\"text-editor.default\">\n\t\t\t\t<div class=\"elementor-widget-container\">\n\t\t\t\t\t\t\t\t\t<p><strong>Descripci\u00f3n:<\/strong><\/p>\n<ul>\n<li>capacidad en espesores de 20 a 30 mm,<\/li>\n<li>Capacidad de anchura de 40 a 140 mm,<\/li>\n<li>longitud m\u00ednima de la pieza 500 mm,<\/li>\n<li>deformaci\u00f3n m\u00e1xima de las piezas 50 mm en sentido longitudinal,<\/li>\n<li>Velocidad de avance variable de 5 a 20 m\/min mediante variador electr\u00f3nico,<\/li>\n<li>Potencia del motor de la herramienta de 5 CV,<\/li>\n<li>Potencia del motor de tracci\u00f3n de 1,5 CV.<\/li>\n<\/ul>\n<p><strong>Para m\u00e1s informaci\u00f3n, ponte en contacto con Amas<\/strong><\/p>\n\t\t\t\t\t\t\t\t<\/div>\n\t\t\t\t<\/div>\n\t\t\t\t<\/div>\n\t\t\t\t<\/div>\n\t\t\t\t\t<\/div>\n\t\t\t\t<\/div>\n\t\t<div class=\"elementor-element elementor-element-0408383 e-flex e-con-boxed e-con e-parent\" data-id=\"0408383\" data-element_type=\"container\" data-settings=\"{&quot;jet_parallax_layout_list&quot;:[]}\">\n\t\t\t\t\t<div class=\"e-con-inner\">\n\t\t\t\t<div class=\"elementor-element elementor-element-16a3510 elementor-widget elementor-widget-heading\" data-id=\"16a3510\" data-element_type=\"widget\" data-widget_type=\"heading.default\">\n\t\t\t\t<div class=\"elementor-widget-container\">\n\t\t\t\t\t<h2 class=\"elementor-heading-title elementor-size-default\">Evideuse<\/h2>\t\t\t\t<\/div>\n\t\t\t\t<\/div>\n\t\t<div class=\"elementor-element elementor-element-1d75c61 e-con-full e-flex e-con e-child\" data-id=\"1d75c61\" data-element_type=\"container\" data-settings=\"{&quot;jet_parallax_layout_list&quot;:[]}\">\n\t\t<div class=\"elementor-element elementor-element-2fa656e e-con-full e-flex e-con e-child\" data-id=\"2fa656e\" data-element_type=\"container\" data-settings=\"{&quot;jet_parallax_layout_list&quot;:[]}\">\n\t\t\t\t<div class=\"elementor-element elementor-element-04528f3 elementor-widget elementor-widget-text-editor\" data-id=\"04528f3\" data-element_type=\"widget\" data-widget_type=\"text-editor.default\">\n\t\t\t\t<div class=\"elementor-widget-container\">\n\t\t\t\t\t\t\t\t\t<p><strong>Descripci\u00f3n:<\/strong><\/p>\n<ul>\n<li>capacidad en espesores de 20 a 30 mm,<\/li>\n<li>Capacidad de anchura de 40 a 140 mm,<\/li>\n<li>Longitud m\u00ednima de las piezas de madera 500 mm,<\/li>\n<li>deformaci\u00f3n m\u00e1xima de las piezas 50 mm en sentido longitudinal,<\/li>\n<li>Velocidad de avance variable de 5 a 20 m\/min mediante variador electr\u00f3nico,<\/li>\n<li>Potencia del motor de la herramienta de 5 CV,<\/li>\n<li>Potencia del motor de tracci\u00f3n de 1,5 CV.<\/li>\n<\/ul>\n<p><strong>Para m\u00e1s informaci\u00f3n, ponte en contacto con AMAS.<\/strong><\/p>\n\t\t\t\t\t\t\t\t<\/div>\n\t\t\t\t<\/div>\n\t\t\t\t<\/div>\n\t\t<div class=\"elementor-element elementor-element-ea85c1c e-con-full e-flex e-con e-child\" data-id=\"ea85c1c\" data-element_type=\"container\" data-settings=\"{&quot;jet_parallax_layout_list&quot;:[]}\">\n\t\t\t\t<div class=\"elementor-element elementor-element-b01af68 elementor-widget elementor-widget-image\" data-id=\"b01af68\" data-element_type=\"widget\" data-widget_type=\"image.default\">\n\t\t\t\t<div class=\"elementor-widget-container\">\n\t\t\t\t\t\t\t\t\t\t\t\t\t\t\t<img decoding=\"async\" width=\"547\" height=\"741\" src=\"https:\/\/amas17.fr\/wp-content\/uploads\/2024\/07\/Evideuse-980x980-1.png\" class=\"attachment-full size-full wp-image-472\" alt=\"\" srcset=\"https:\/\/amas17.fr\/wp-content\/uploads\/2024\/07\/Evideuse-980x980-1.png 547w, https:\/\/amas17.fr\/wp-content\/uploads\/2024\/07\/Evideuse-980x980-1-221x300.png 221w\" sizes=\"(max-width: 547px) 100vw, 547px\" \/>\t\t\t\t\t\t\t\t\t\t\t\t\t\t\t<\/div>\n\t\t\t\t<\/div>\n\t\t\t\t<\/div>\n\t\t\t\t<\/div>\n\t\t\t\t\t<\/div>\n\t\t\t\t<\/div>\n\t\t<div class=\"elementor-element elementor-element-55b892f e-flex e-con-boxed e-con e-parent\" data-id=\"55b892f\" data-element_type=\"container\" data-settings=\"{&quot;jet_parallax_layout_list&quot;:[]}\">\n\t\t\t\t\t<div class=\"e-con-inner\">\n\t\t\t\t<div class=\"elementor-element elementor-element-4db921f elementor-widget elementor-widget-heading\" data-id=\"4db921f\" data-element_type=\"widget\" data-widget_type=\"heading.default\">\n\t\t\t\t<div class=\"elementor-widget-container\">\n\t\t\t\t\t<h2 class=\"elementor-heading-title elementor-size-default\">Ensambladora<\/h2>\t\t\t\t<\/div>\n\t\t\t\t<\/div>\n\t\t<div class=\"elementor-element elementor-element-840edb3 e-con-full e-flex e-con e-child\" data-id=\"840edb3\" data-element_type=\"container\" data-settings=\"{&quot;jet_parallax_layout_list&quot;:[]}\">\n\t\t<div class=\"elementor-element elementor-element-9dd9820 e-con-full e-flex e-con e-child\" data-id=\"9dd9820\" data-element_type=\"container\" data-settings=\"{&quot;jet_parallax_layout_list&quot;:[]}\">\n\t\t\t\t<div class=\"elementor-element elementor-element-caf30d8 elementor-widget elementor-widget-image\" data-id=\"caf30d8\" data-element_type=\"widget\" data-widget_type=\"image.default\">\n\t\t\t\t<div class=\"elementor-widget-container\">\n\t\t\t\t\t\t\t\t\t\t\t\t\t\t\t<img loading=\"lazy\" decoding=\"async\" width=\"1066\" height=\"1328\" src=\"https:\/\/amas17.fr\/wp-content\/uploads\/2024\/07\/Capture-decran-2024-07-10-a-15.25.18.png\" class=\"attachment-full size-full wp-image-474\" alt=\"\" srcset=\"https:\/\/amas17.fr\/wp-content\/uploads\/2024\/07\/Capture-decran-2024-07-10-a-15.25.18.png 1066w, https:\/\/amas17.fr\/wp-content\/uploads\/2024\/07\/Capture-decran-2024-07-10-a-15.25.18-241x300.png 241w, https:\/\/amas17.fr\/wp-content\/uploads\/2024\/07\/Capture-decran-2024-07-10-a-15.25.18-822x1024.png 822w, https:\/\/amas17.fr\/wp-content\/uploads\/2024\/07\/Capture-decran-2024-07-10-a-15.25.18-768x957.png 768w\" sizes=\"(max-width: 1066px) 100vw, 1066px\" \/>\t\t\t\t\t\t\t\t\t\t\t\t\t\t\t<\/div>\n\t\t\t\t<\/div>\n\t\t\t\t<\/div>\n\t\t<div class=\"elementor-element elementor-element-0dddab8 e-con-full e-flex e-con e-child\" data-id=\"0dddab8\" data-element_type=\"container\" data-settings=\"{&quot;jet_parallax_layout_list&quot;:[]}\">\n\t\t\t\t<div class=\"elementor-element elementor-element-9291463 elementor-widget elementor-widget-text-editor\" data-id=\"9291463\" data-element_type=\"widget\" data-widget_type=\"text-editor.default\">\n\t\t\t\t<div class=\"elementor-widget-container\">\n\t\t\t\t\t\t\t\t\t<div class=\"et_pb_module et_pb_text et_pb_text_7 et_pb_text_align_left et_pb_bg_layout_light\">\n<div class=\"et_pb_text_inner\">\n<p><strong>Recorte curvado ahuecado l\u00ednea de uni\u00f3n (V\u00eddeo de presentaci\u00f3n)<\/strong><\/p>\n<\/div>\n<\/div>\n<div class=\"et_pb_module et_pb_text et_pb_text_8 et_pb_text_align_left et_pb_bg_layout_light\">\n<div class=\"et_pb_text_inner\">\n<p><strong>Caracter\u00edsticas de la materia prima que se va a mecanizar:<\/strong><\/p>\n<p>Longitud Anchura B Grosor<\/p>\n<ul>\n<li>m\u00e1ximo 1200 140 mm 40 mm bajo pedido<\/li>\n<li>m\u00ednimo 800 40 mm 20 mm<\/li>\n<\/ul>\n<p><strong>Caracter\u00edsticas de la m\u00e1quina:<\/strong><\/p>\n<ul>\n<li>chasis mecanosoldado,<\/li>\n<li>cambio de producci\u00f3n automatizado de la m\u00e1quina en menos de 30 segundos,<\/li>\n<li>dimensiones totales 4465 x 1713 x 2300 mm,<\/li>\n<li>accionamiento rotativo de la herramienta (mediante motores sin escobillas),<\/li>\n<li>herramientas movidas por gato el\u00e9ctrico sobre elementos con rodamientos de bolas,<\/li>\n<li>centrado de la duela neum\u00e1tica,<\/li>\n<li>duela accionada por cadena de calas.<\/li>\n<\/ul>\n<p><strong>Automatizaci\u00f3n<\/strong><\/p>\n<ul>\n<li>m\u00e1quina programable,<\/li>\n<li>panel de control con pantalla t\u00e1ctil,<\/li>\n<li>Toma de madera ajustable seg\u00fan las necesidades,<\/li>\n<li>extracci\u00f3n optimizada de virutas,<\/li>\n<li>velocidad variable,<\/li>\n<li>cabina insonorizada.<\/li>\n<\/ul>\n<p><strong>Para m\u00e1s informaci\u00f3n, ponte en contacto con Amas.<\/strong><\/p>\n<\/div>\n<\/div>\n\t\t\t\t\t\t\t\t<\/div>\n\t\t\t\t<\/div>\n\t\t\t\t<\/div>\n\t\t\t\t<\/div>\n\t\t\t\t\t<\/div>\n\t\t\t\t<\/div>\n\t\t\t\t<\/div>\n\t\t","protected":false},"excerpt":{"rendered":"<p>Toneler\u00eda &#8211; Mecanizado de duelas https:\/\/amas17.fr\/wp-content\/uploads\/2024\/07\/Jointage-ligne-Robotise-AMAS.mp4 Acortador Capacidades: longitud m\u00e1x. 1200 mm, Longitud m\u00ednima 500 mm, grosor m\u00e1x. 40 mm, piezas por hora 870, una sierra fija, una sierra m\u00f3vil, una cadena de transmisi\u00f3n fija, una cadena de transmisi\u00f3n en movimiento, di\u00e1metro de la sierra 350 mm, Potencia del motor de la sierra de 2,2 [&hellip;]<\/p>\n","protected":false},"author":1,"featured_media":465,"parent":653,"menu_order":0,"comment_status":"closed","ping_status":"closed","template":"","meta":{"footnotes":""},"class_list":["post-671","page","type-page","status-publish","has-post-thumbnail","hentry"],"yoast_head":"<!-- This site is optimized with the Yoast SEO plugin v25.6 - https:\/\/yoast.com\/wordpress\/plugins\/seo\/ -->\n<title>AMAS 17 - Toneler\u00eda - Mecanizado de duelas<\/title>\n<meta name=\"description\" content=\"Fabricamos m\u00e1quinas espec\u00edficas para el mecanizado de duelas para toneler\u00eda: acortadora, espigadora, descorazonadora y ensambladora.\" \/>\n<meta name=\"robots\" content=\"index, follow, max-snippet:-1, max-image-preview:large, max-video-preview:-1\" \/>\n<link rel=\"canonical\" href=\"https:\/\/amas17.fr\/es\/toneleria\/mecanizado-de-duelas\/\" \/>\n<meta property=\"og:locale\" content=\"es_ES\" \/>\n<meta property=\"og:type\" content=\"article\" \/>\n<meta property=\"og:title\" content=\"AMAS 17 - Toneler\u00eda - Mecanizado de duelas\" \/>\n<meta property=\"og:description\" content=\"Fabricamos m\u00e1quinas espec\u00edficas para el mecanizado de duelas para toneler\u00eda: acortadora, espigadora, descorazonadora y ensambladora.\" \/>\n<meta property=\"og:url\" content=\"https:\/\/amas17.fr\/es\/toneleria\/mecanizado-de-duelas\/\" \/>\n<meta property=\"og:site_name\" content=\"AMAS 17\" \/>\n<meta property=\"article:modified_time\" content=\"2024-09-25T07:11:43+00:00\" \/>\n<meta property=\"og:image\" content=\"https:\/\/amas17.fr\/wp-content\/uploads\/2024\/07\/ECOURTEUSE-DOUBLE.png\" \/>\n\t<meta property=\"og:image:width\" content=\"1400\" \/>\n\t<meta property=\"og:image:height\" content=\"1050\" \/>\n\t<meta property=\"og:image:type\" content=\"image\/png\" \/>\n<meta name=\"twitter:card\" content=\"summary_large_image\" \/>\n<meta name=\"twitter:label1\" content=\"Tiempo de lectura\" \/>\n\t<meta name=\"twitter:data1\" content=\"2 minutos\" \/>\n<script type=\"application\/ld+json\" class=\"yoast-schema-graph\">{\"@context\":\"https:\/\/schema.org\",\"@graph\":[{\"@type\":\"WebPage\",\"@id\":\"https:\/\/amas17.fr\/es\/toneleria\/mecanizado-de-duelas\/\",\"url\":\"https:\/\/amas17.fr\/es\/toneleria\/mecanizado-de-duelas\/\",\"name\":\"AMAS 17 - Toneler\u00eda - Mecanizado de duelas\",\"isPartOf\":{\"@id\":\"https:\/\/amas17.fr\/es\/#website\"},\"primaryImageOfPage\":{\"@id\":\"https:\/\/amas17.fr\/es\/toneleria\/mecanizado-de-duelas\/#primaryimage\"},\"image\":{\"@id\":\"https:\/\/amas17.fr\/es\/toneleria\/mecanizado-de-duelas\/#primaryimage\"},\"thumbnailUrl\":\"https:\/\/amas17.fr\/wp-content\/uploads\/2024\/07\/ECOURTEUSE-DOUBLE.png\",\"datePublished\":\"2024-07-10T12:57:23+00:00\",\"dateModified\":\"2024-09-25T07:11:43+00:00\",\"description\":\"Fabricamos m\u00e1quinas espec\u00edficas para el mecanizado de duelas para toneler\u00eda: acortadora, espigadora, descorazonadora y ensambladora.\",\"breadcrumb\":{\"@id\":\"https:\/\/amas17.fr\/es\/toneleria\/mecanizado-de-duelas\/#breadcrumb\"},\"inLanguage\":\"es\",\"potentialAction\":[{\"@type\":\"ReadAction\",\"target\":[\"https:\/\/amas17.fr\/es\/toneleria\/mecanizado-de-duelas\/\"]}]},{\"@type\":\"ImageObject\",\"inLanguage\":\"es\",\"@id\":\"https:\/\/amas17.fr\/es\/toneleria\/mecanizado-de-duelas\/#primaryimage\",\"url\":\"https:\/\/amas17.fr\/wp-content\/uploads\/2024\/07\/ECOURTEUSE-DOUBLE.png\",\"contentUrl\":\"https:\/\/amas17.fr\/wp-content\/uploads\/2024\/07\/ECOURTEUSE-DOUBLE.png\",\"width\":1400,\"height\":1050},{\"@type\":\"BreadcrumbList\",\"@id\":\"https:\/\/amas17.fr\/es\/toneleria\/mecanizado-de-duelas\/#breadcrumb\",\"itemListElement\":[{\"@type\":\"ListItem\",\"position\":1,\"name\":\"Accueil\",\"item\":\"https:\/\/amas17.fr\/es\/\"},{\"@type\":\"ListItem\",\"position\":2,\"name\":\"Toneler\u00eda\",\"item\":\"https:\/\/amas17.fr\/es\/toneleria\/\"},{\"@type\":\"ListItem\",\"position\":3,\"name\":\"Mecanizado de duelas\"}]},{\"@type\":\"WebSite\",\"@id\":\"https:\/\/amas17.fr\/es\/#website\",\"url\":\"https:\/\/amas17.fr\/es\/\",\"name\":\"AMAS 17\",\"description\":\"Le sur mesure industriel\",\"publisher\":{\"@id\":\"https:\/\/amas17.fr\/es\/#organization\"},\"potentialAction\":[{\"@type\":\"SearchAction\",\"target\":{\"@type\":\"EntryPoint\",\"urlTemplate\":\"https:\/\/amas17.fr\/es\/?s={search_term_string}\"},\"query-input\":{\"@type\":\"PropertyValueSpecification\",\"valueRequired\":true,\"valueName\":\"search_term_string\"}}],\"inLanguage\":\"es\"},{\"@type\":\"Organization\",\"@id\":\"https:\/\/amas17.fr\/es\/#organization\",\"name\":\"AMAS 17\",\"url\":\"https:\/\/amas17.fr\/es\/\",\"logo\":{\"@type\":\"ImageObject\",\"inLanguage\":\"es\",\"@id\":\"https:\/\/amas17.fr\/es\/#\/schema\/logo\/image\/\",\"url\":\"https:\/\/amas17.fr\/wp-content\/uploads\/2024\/07\/logo_amas.png\",\"contentUrl\":\"https:\/\/amas17.fr\/wp-content\/uploads\/2024\/07\/logo_amas.png\",\"width\":230,\"height\":158,\"caption\":\"AMAS 17\"},\"image\":{\"@id\":\"https:\/\/amas17.fr\/es\/#\/schema\/logo\/image\/\"},\"sameAs\":[\"https:\/\/www.linkedin.com\/company\/amas17\/\"]}]}<\/script>\n<!-- \/ Yoast SEO plugin. -->","yoast_head_json":{"title":"AMAS 17 - Toneler\u00eda - Mecanizado de duelas","description":"Fabricamos m\u00e1quinas espec\u00edficas para el mecanizado de duelas para toneler\u00eda: acortadora, espigadora, descorazonadora y ensambladora.","robots":{"index":"index","follow":"follow","max-snippet":"max-snippet:-1","max-image-preview":"max-image-preview:large","max-video-preview":"max-video-preview:-1"},"canonical":"https:\/\/amas17.fr\/es\/toneleria\/mecanizado-de-duelas\/","og_locale":"es_ES","og_type":"article","og_title":"AMAS 17 - Toneler\u00eda - Mecanizado de duelas","og_description":"Fabricamos m\u00e1quinas espec\u00edficas para el mecanizado de duelas para toneler\u00eda: acortadora, espigadora, descorazonadora y ensambladora.","og_url":"https:\/\/amas17.fr\/es\/toneleria\/mecanizado-de-duelas\/","og_site_name":"AMAS 17","article_modified_time":"2024-09-25T07:11:43+00:00","og_image":[{"width":1400,"height":1050,"url":"https:\/\/amas17.fr\/wp-content\/uploads\/2024\/07\/ECOURTEUSE-DOUBLE.png","type":"image\/png"}],"twitter_card":"summary_large_image","twitter_misc":{"Tiempo de lectura":"2 minutos"},"schema":{"@context":"https:\/\/schema.org","@graph":[{"@type":"WebPage","@id":"https:\/\/amas17.fr\/es\/toneleria\/mecanizado-de-duelas\/","url":"https:\/\/amas17.fr\/es\/toneleria\/mecanizado-de-duelas\/","name":"AMAS 17 - Toneler\u00eda - Mecanizado de duelas","isPartOf":{"@id":"https:\/\/amas17.fr\/es\/#website"},"primaryImageOfPage":{"@id":"https:\/\/amas17.fr\/es\/toneleria\/mecanizado-de-duelas\/#primaryimage"},"image":{"@id":"https:\/\/amas17.fr\/es\/toneleria\/mecanizado-de-duelas\/#primaryimage"},"thumbnailUrl":"https:\/\/amas17.fr\/wp-content\/uploads\/2024\/07\/ECOURTEUSE-DOUBLE.png","datePublished":"2024-07-10T12:57:23+00:00","dateModified":"2024-09-25T07:11:43+00:00","description":"Fabricamos m\u00e1quinas espec\u00edficas para el mecanizado de duelas para toneler\u00eda: acortadora, espigadora, descorazonadora y ensambladora.","breadcrumb":{"@id":"https:\/\/amas17.fr\/es\/toneleria\/mecanizado-de-duelas\/#breadcrumb"},"inLanguage":"es","potentialAction":[{"@type":"ReadAction","target":["https:\/\/amas17.fr\/es\/toneleria\/mecanizado-de-duelas\/"]}]},{"@type":"ImageObject","inLanguage":"es","@id":"https:\/\/amas17.fr\/es\/toneleria\/mecanizado-de-duelas\/#primaryimage","url":"https:\/\/amas17.fr\/wp-content\/uploads\/2024\/07\/ECOURTEUSE-DOUBLE.png","contentUrl":"https:\/\/amas17.fr\/wp-content\/uploads\/2024\/07\/ECOURTEUSE-DOUBLE.png","width":1400,"height":1050},{"@type":"BreadcrumbList","@id":"https:\/\/amas17.fr\/es\/toneleria\/mecanizado-de-duelas\/#breadcrumb","itemListElement":[{"@type":"ListItem","position":1,"name":"Accueil","item":"https:\/\/amas17.fr\/es\/"},{"@type":"ListItem","position":2,"name":"Toneler\u00eda","item":"https:\/\/amas17.fr\/es\/toneleria\/"},{"@type":"ListItem","position":3,"name":"Mecanizado de duelas"}]},{"@type":"WebSite","@id":"https:\/\/amas17.fr\/es\/#website","url":"https:\/\/amas17.fr\/es\/","name":"AMAS 17","description":"Le sur mesure industriel","publisher":{"@id":"https:\/\/amas17.fr\/es\/#organization"},"potentialAction":[{"@type":"SearchAction","target":{"@type":"EntryPoint","urlTemplate":"https:\/\/amas17.fr\/es\/?s={search_term_string}"},"query-input":{"@type":"PropertyValueSpecification","valueRequired":true,"valueName":"search_term_string"}}],"inLanguage":"es"},{"@type":"Organization","@id":"https:\/\/amas17.fr\/es\/#organization","name":"AMAS 17","url":"https:\/\/amas17.fr\/es\/","logo":{"@type":"ImageObject","inLanguage":"es","@id":"https:\/\/amas17.fr\/es\/#\/schema\/logo\/image\/","url":"https:\/\/amas17.fr\/wp-content\/uploads\/2024\/07\/logo_amas.png","contentUrl":"https:\/\/amas17.fr\/wp-content\/uploads\/2024\/07\/logo_amas.png","width":230,"height":158,"caption":"AMAS 17"},"image":{"@id":"https:\/\/amas17.fr\/es\/#\/schema\/logo\/image\/"},"sameAs":["https:\/\/www.linkedin.com\/company\/amas17\/"]}]}},"_links":{"self":[{"href":"https:\/\/amas17.fr\/es\/wp-json\/wp\/v2\/pages\/671","targetHints":{"allow":["GET"]}}],"collection":[{"href":"https:\/\/amas17.fr\/es\/wp-json\/wp\/v2\/pages"}],"about":[{"href":"https:\/\/amas17.fr\/es\/wp-json\/wp\/v2\/types\/page"}],"author":[{"embeddable":true,"href":"https:\/\/amas17.fr\/es\/wp-json\/wp\/v2\/users\/1"}],"replies":[{"embeddable":true,"href":"https:\/\/amas17.fr\/es\/wp-json\/wp\/v2\/comments?post=671"}],"version-history":[{"count":2,"href":"https:\/\/amas17.fr\/es\/wp-json\/wp\/v2\/pages\/671\/revisions"}],"predecessor-version":[{"id":1038,"href":"https:\/\/amas17.fr\/es\/wp-json\/wp\/v2\/pages\/671\/revisions\/1038"}],"up":[{"embeddable":true,"href":"https:\/\/amas17.fr\/es\/wp-json\/wp\/v2\/pages\/653"}],"wp:featuredmedia":[{"embeddable":true,"href":"https:\/\/amas17.fr\/es\/wp-json\/wp\/v2\/media\/465"}],"wp:attachment":[{"href":"https:\/\/amas17.fr\/es\/wp-json\/wp\/v2\/media?parent=671"}],"curies":[{"name":"wp","href":"https:\/\/api.w.org\/{rel}","templated":true}]}}